{"id":17628,"date":"2024-05-23T16:07:10","date_gmt":"2024-05-23T16:07:10","guid":{"rendered":"https:\/\/test.isokinetic.com\/rotator-cuff-rupture\/"},"modified":"2024-10-26T07:44:52","modified_gmt":"2024-10-26T07:44:52","slug":"rotator-cuff-rupture","status":"publish","type":"page","link":"https:\/\/isokinetic.com\/en\/rotator-cuff-rupture\/","title":{"rendered":"Rotator cuff injury"},"content":{"rendered":"\t\t<div data-elementor-type=\"wp-page\" data-elementor-id=\"17628\" class=\"elementor elementor-17628 elementor-6460\" data-elementor-post-type=\"page\">\n\t\t\t\t<div class=\"elementor-element elementor-element-2b864cd e-flex e-con-boxed e-con e-parent\" data-id=\"2b864cd\" data-element_type=\"container\" data-e-type=\"container\">\n\t\t\t\t\t<div class=\"e-con-inner\">\n\t\t\t\t<div class=\"elementor-element elementor-element-df9fb2f elementor-widget elementor-widget-spacer\" data-id=\"df9fb2f\" data-element_type=\"widget\" data-e-type=\"widget\" data-widget_type=\"spacer.default\">\n\t\t\t\t<div class=\"elementor-widget-container\">\n\t\t\t\t\t\t\t<div class=\"elementor-spacer\">\n\t\t\t<div class=\"elementor-spacer-inner\"><\/div>\n\t\t<\/div>\n\t\t\t\t\t\t<\/div>\n\t\t\t\t<\/div>\n\t\t\t\t<div class=\"elementor-element elementor-element-a784120 elementor-widget elementor-widget-heading\" data-id=\"a784120\" data-element_type=\"widget\" data-e-type=\"widget\" data-widget_type=\"heading.default\">\n\t\t\t\t<div class=\"elementor-widget-container\">\n\t\t\t\t\t<h2 class=\"elementor-heading-title elementor-size-default\">Rotator cuff injury<\/h2>\t\t\t\t<\/div>\n\t\t\t\t<\/div>\n\t\t\t\t\t<\/div>\n\t\t\t\t<\/div>\n\t\t<div class=\"elementor-element elementor-element-9b2f982 e-flex e-con-boxed e-con e-parent\" data-id=\"9b2f982\" data-element_type=\"container\" data-e-type=\"container\">\n\t\t\t\t\t<div class=\"e-con-inner\">\n\t\t\t\t<div class=\"elementor-element elementor-element-3f5606f elementor-widget elementor-widget-text-editor\" data-id=\"3f5606f\" data-element_type=\"widget\" data-e-type=\"widget\" data-widget_type=\"text-editor.default\">\n\t\t\t\t<div class=\"elementor-widget-container\">\n\t\t\t\t\t\t\t\t\t<section class=\"kc-elm kc-css-616437 kc_row typographic\">\n<div class=\"kc-row-container kc-container\">\n<div class=\"kc-wrap-columns\">\n<div class=\"kc-elm kc-css-309938 kc_col-sm-12 kc_column kc_col-sm-12\">\n<div class=\"kc-col-container\">\n<div class=\"kc-elm kc-css-287482 kc_text_block\">\n<p><span style=\"font-weight: 400;\">The shoulder complex is one of the most elaborated joints of our body, as it is formed by several bones (clavicle, scapula, humerus and sternum) that constitute different joints (sternoclavicular, acromioclavicular, glenohumeral, scapulothoracic). The shoulder is the most mobile joint of our body, and its stability is maintained by passive (e.g.: capsule, ligaments, labrum, etc.) and active-dynamic (muscles) stabilisers. The rotator cuff is a complex of four muscles (supraspinatus, infraspinatus, teres minor, and subscapularis) that has the paramount function of stabilising the joint during shoulder movements, maintaining the head of the humerus centred, and allowing rotations of the shoulder. Rotator cuff injuries refer to a spectrum of conditions that can affect the shoulder complex, including rotator cuff tears, tendinopathies and impingement syndrome. Rotator cuff injuries are typically progressive-overuse injuries, typically reported by patients with specific anatomical configuration of the shoulder, suboptimal shoulder biomechanics, poor posture, and extensive exposure to overhead activities. In some cases, rotator cuff injuries can be a consequence of a traumatic impact such as a fall or a collision. Patients affected by this condition typically report pain localised to the affected area that can radiate to other structures, painful range of motion (often sensitive shoulder elevation, abduction and rotations), muscle loss, clicking, and decreased shoulder functioning.     <\/span><\/p>\n<\/div>\n<\/div>\n<\/div>\n<\/div>\n<\/div>\n<\/section>\n\t\t\t\t\t\t\t\t<\/div>\n\t\t\t\t<\/div>\n\t\t\t\t\t<\/div>\n\t\t\t\t<\/div>\n\t\t<div class=\"elementor-element elementor-element-06b413a e-flex e-con-boxed e-con e-parent\" data-id=\"06b413a\" data-element_type=\"container\" data-e-type=\"container\">\n\t\t\t\t\t<div class=\"e-con-inner\">\n\t\t\t\t<div class=\"elementor-element elementor-element-76cd213 elementor-widget-divider--view-line elementor-widget elementor-widget-divider\" data-id=\"76cd213\" data-element_type=\"widget\" data-e-type=\"widget\" data-widget_type=\"divider.default\">\n\t\t\t\t<div class=\"elementor-widget-container\">\n\t\t\t\t\t\t\t<div class=\"elementor-divider\">\n\t\t\t<span class=\"elementor-divider-separator\">\n\t\t\t\t\t\t<\/span>\n\t\t<\/div>\n\t\t\t\t\t\t<\/div>\n\t\t\t\t<\/div>\n\t\t\t\t\t<\/div>\n\t\t\t\t<\/div>\n\t\t<div class=\"elementor-element elementor-element-73191f4 e-flex e-con-boxed e-con e-parent\" data-id=\"73191f4\" data-element_type=\"container\" data-e-type=\"container\">\n\t\t\t\t\t<div class=\"e-con-inner\">\n\t\t\t\t<div class=\"elementor-element elementor-element-33037a6 elementor-widget elementor-widget-heading\" data-id=\"33037a6\" data-element_type=\"widget\" data-e-type=\"widget\" data-widget_type=\"heading.default\">\n\t\t\t\t<div class=\"elementor-widget-container\">\n\t\t\t\t\t<h2 class=\"elementor-heading-title elementor-size-default\">Management<\/h2>\t\t\t\t<\/div>\n\t\t\t\t<\/div>\n\t\t\t\t\t<\/div>\n\t\t\t\t<\/div>\n\t\t<div class=\"elementor-element elementor-element-0efc897 e-flex e-con-boxed e-con e-parent\" data-id=\"0efc897\" data-element_type=\"container\" data-e-type=\"container\">\n\t\t\t\t\t<div class=\"e-con-inner\">\n\t\t\t\t<div class=\"elementor-element elementor-element-3dd18ec elementor-widget elementor-widget-text-editor\" data-id=\"3dd18ec\" data-element_type=\"widget\" data-e-type=\"widget\" data-widget_type=\"text-editor.default\">\n\t\t\t\t<div class=\"elementor-widget-container\">\n\t\t\t\t\t\t\t\t\t<section class=\"kc-elm kc-css-616437 kc_row typographic\">\n<div class=\"kc-row-container kc-container\">\n<div class=\"kc-wrap-columns\">\n<div class=\"kc-elm kc-css-309938 kc_col-sm-12 kc_column kc_col-sm-12\">\n<div class=\"kc-col-container\">\n<div class=\"kc-elm kc-css-364251\">\n<p><span style=\"font-weight: 400;\">palla, la resistenza e il recupero della stabilit\u00e0 diventano la priorit\u00e0, insieme all&#8217;ottimizzazione della qualit\u00e0 generale del movimento per imparare come integrare la spalla nelle <br \/>The management of patients affected by rotator cuff injury strongly depends on several factors such as the type of injury (e.g.: partial vs full tear), the presence of associated shoulder damage, the level of pain and functional limitation, and the characteristics of the affected patient (e.g.: age, activity level, etc). Conservative treatment typically consists of a period of extensive rehabilitation, workload management (education around activities that are currently stressing the shoulder), and potentially pharmacological interventions (e.g.: drugs, injections, etc.), which generally yields positive outcomes. In case surgical treatment is deemed necessary, many different procedures (e.g.: rotator cuff repair, debridement, tendon transfer, etc.) can be implemented based on the patient\u2019s condition, and always discussed with the medical-surgical staff. After surgery, a period of immobilisation\/protection with the use of a sling is typically recommended and rehabilitation should start as soon as indicated by the medical team. In Isokinetic, after being thoughtfully visited by one of our specialised doctors who will provide you with an accurate diagnosis, your recovery process will be structured in different stages and take place in four different environments, the pool, the gym, the movement analysis and retraining room and the pitch. In the early stages, the main goals are to minimise your pain, recover your limited mobility, educate you on the activities that are currently stressing your shoulder, and gradually enhance your upper limb functioning. In the mid-stage of rehabilitation, shoulder strength, endurance and stability recovery become the priority, together with the optimisation of the general movement quality to learn how to integrate the shoulder back into activities of daily living and sports. Finally, to complete the recovery process, on-field rehabilitation plays a fundamental role in allowing our patients to safely and effectively return to participate in their favourite activities and sports that require the utilisation of the upper limb (e.g.: throwing-, rackets-, falling-, lifting- related sports), maximising the recovery outcomes and reducing the likelihood of complications.       <\/span><\/p>\n<\/div>\n<\/div>\n<\/div>\n<\/div>\n<\/div>\n<\/section>\n\t\t\t\t\t\t\t\t<\/div>\n\t\t\t\t<\/div>\n\t\t\t\t\t<\/div>\n\t\t\t\t<\/div>\n\t\t<div class=\"elementor-element elementor-element-17d9039 e-flex e-con-boxed e-con e-parent\" data-id=\"17d9039\" data-element_type=\"container\" data-e-type=\"container\">\n\t\t\t\t\t<div class=\"e-con-inner\">\n\t\t\t\t<div class=\"elementor-element elementor-element-d3d3012 elementor-widget elementor-widget-spacer\" data-id=\"d3d3012\" data-element_type=\"widget\" data-e-type=\"widget\" data-widget_type=\"spacer.default\">\n\t\t\t\t<div class=\"elementor-widget-container\">\n\t\t\t\t\t\t\t<div class=\"elementor-spacer\">\n\t\t\t<div class=\"elementor-spacer-inner\"><\/div>\n\t\t<\/div>\n\t\t\t\t\t\t<\/div>\n\t\t\t\t<\/div>\n\t\t\t\t\t<\/div>\n\t\t\t\t<\/div>\n\t\t\t\t<\/div>\n\t\t","protected":false},"excerpt":{"rendered":"<p>Rotator cuff injury The shoulder complex is one of the most elaborated joints of our body, as it is formed by several bones (clavicle, scapula, humerus and sternum) that constitute different joints (sternoclavicular, acromioclavicular, glenohumeral, scapulothoracic). The shoulder is the most mobile joint of our body, and its stability is maintained by passive (e.g.: capsule, [&hellip;]<\/p>\n","protected":false},"author":1,"featured_media":0,"parent":0,"menu_order":0,"comment_status":"closed","ping_status":"closed","template":"","meta":{"footnotes":""},"class_list":["post-17628","page","type-page","status-publish","hentry"],"aioseo_notices":[],"_links":{"self":[{"href":"https:\/\/isokinetic.com\/en\/wp-json\/wp\/v2\/pages\/17628","targetHints":{"allow":["GET"]}}],"collection":[{"href":"https:\/\/isokinetic.com\/en\/wp-json\/wp\/v2\/pages"}],"about":[{"href":"https:\/\/isokinetic.com\/en\/wp-json\/wp\/v2\/types\/page"}],"author":[{"embeddable":true,"href":"https:\/\/isokinetic.com\/en\/wp-json\/wp\/v2\/users\/1"}],"replies":[{"embeddable":true,"href":"https:\/\/isokinetic.com\/en\/wp-json\/wp\/v2\/comments?post=17628"}],"version-history":[{"count":3,"href":"https:\/\/isokinetic.com\/en\/wp-json\/wp\/v2\/pages\/17628\/revisions"}],"predecessor-version":[{"id":23506,"href":"https:\/\/isokinetic.com\/en\/wp-json\/wp\/v2\/pages\/17628\/revisions\/23506"}],"wp:attachment":[{"href":"https:\/\/isokinetic.com\/en\/wp-json\/wp\/v2\/media?parent=17628"}],"curies":[{"name":"wp","href":"https:\/\/api.w.org\/{rel}","templated":true}]}}